{"id":207,"date":"2014-10-25T18:04:37","date_gmt":"2014-11-25T18:04:37","guid":{"rendered":"https:\/\/demo.mekshq.com\/voice\/?page_id=207"},"modified":"2025-11-25T23:51:23","modified_gmt":"2025-11-26T04:51:23","slug":"noticias-en-vivo-y-al-dia","status":"publish","type":"page","link":"https:\/\/inspectornocturno.com.mx\/","title":{"rendered":"Inicio"},"content":{"rendered":"\n<p>La mejor comunicaci\u00f3n en la Pen\u00ednsula de Yucat\u00e1n que ofrece noticias en vivo y al d\u00eda.<\/p>\n","protected":false},"excerpt":{"rendered":"<p>La mejor comunicaci\u00f3n en la Pen\u00ednsula de Yucat\u00e1n que ofrece noticias en vivo y al d\u00eda.<\/p>\n","protected":false},"author":1,"featured_media":3898,"parent":0,"menu_order":0,"comment_status":"open","ping_status":"open","template":"template-modules.php","meta":{"footnotes":""},"class_list":["post-207","page","type-page","status-publish","has-post-thumbnail","hentry"],"yoast_head":"<!-- This site is optimized with the Yoast SEO plugin v27.2 - https:\/\/yoast.com\/product\/yoast-seo-wordpress\/ -->\n<title>\ud83d\udd0a Inspector Nocturno - Informamos lo que sucede al minuto \ud83d\udd0a<\/title>\n<meta name=\"description\" content=\"Medio de comunicaci\u00f3n influyentes en la Pen\u00ednsula de Yucat\u00e1n, noticias en vivo y al d\u00eda, mantenerte bien informado es nuestra prioridad.\" \/>\n<meta name=\"robots\" content=\"index, nofollow, max-snippet:-1, max-image-preview:large, max-video-preview:-1\" \/>\n<link rel=\"canonical\" href=\"https:\/\/inspectornocturno.com.mx\/\" \/>\n<meta property=\"og:locale\" content=\"es_ES\" \/>\n<meta property=\"og:type\" content=\"article\" \/>\n<meta property=\"og:title\" content=\"\ud83d\udd0a Inspector Nocturno - Informamos lo que sucede al minuto \ud83d\udd0a\" \/>\n<meta property=\"og:description\" content=\"Medio de comunicaci\u00f3n influyentes en la Pen\u00ednsula de Yucat\u00e1n, noticias en vivo y al d\u00eda, mantenerte bien informado es nuestra prioridad.\" \/>\n<meta property=\"og:url\" content=\"https:\/\/inspectornocturno.com.mx\/\" \/>\n<meta property=\"og:site_name\" content=\"Inspector Nocturno\" \/>\n<meta property=\"article:modified_time\" content=\"2025-11-26T04:51:23+00:00\" \/>\n<meta property=\"og:image\" content=\"https:\/\/inspectornocturno.com.mx\/wp-content\/uploads\/2021\/10\/Logo-inspector-nocturno.jpg\" \/>\n\t<meta property=\"og:image:width\" content=\"157\" \/>\n\t<meta property=\"og:image:height\" content=\"151\" \/>\n\t<meta property=\"og:image:type\" content=\"image\/jpeg\" \/>\n<meta name=\"twitter:card\" content=\"summary_large_image\" \/>\n<script type=\"application\/ld+json\" class=\"yoast-schema-graph\">{\"@context\":\"https:\/\/schema.org\",\"@graph\":[{\"@type\":\"WebPage\",\"@id\":\"https:\/\/inspectornocturno.com.mx\/\",\"url\":\"https:\/\/inspectornocturno.com.mx\/\",\"name\":\"\ud83d\udd0a Inspector Nocturno - Informamos lo que sucede al minuto \ud83d\udd0a\",\"isPartOf\":{\"@id\":\"https:\/\/inspectornocturno.com.mx\/#website\"},\"primaryImageOfPage\":{\"@id\":\"https:\/\/inspectornocturno.com.mx\/#primaryimage\"},\"image\":{\"@id\":\"https:\/\/inspectornocturno.com.mx\/#primaryimage\"},\"thumbnailUrl\":\"https:\/\/inspectornocturno.com.mx\/wp-content\/uploads\/2021\/10\/Logo-inspector-nocturno.jpg\",\"datePublished\":\"2014-11-25T18:04:37+00:00\",\"dateModified\":\"2025-11-26T04:51:23+00:00\",\"description\":\"Medio de comunicaci\u00f3n influyentes en la Pen\u00ednsula de Yucat\u00e1n, noticias en vivo y al d\u00eda, mantenerte bien informado es nuestra prioridad.\",\"breadcrumb\":{\"@id\":\"https:\/\/inspectornocturno.com.mx\/#breadcrumb\"},\"inLanguage\":\"es\",\"potentialAction\":[{\"@type\":\"ReadAction\",\"target\":[\"https:\/\/inspectornocturno.com.mx\/\"]}]},{\"@type\":\"ImageObject\",\"inLanguage\":\"es\",\"@id\":\"https:\/\/inspectornocturno.com.mx\/#primaryimage\",\"url\":\"https:\/\/inspectornocturno.com.mx\/wp-content\/uploads\/2021\/10\/Logo-inspector-nocturno.jpg\",\"contentUrl\":\"https:\/\/inspectornocturno.com.mx\/wp-content\/uploads\/2021\/10\/Logo-inspector-nocturno.jpg\",\"width\":157,\"height\":151,\"caption\":\"logo-de-inspector-nocturno\"},{\"@type\":\"BreadcrumbList\",\"@id\":\"https:\/\/inspectornocturno.com.mx\/#breadcrumb\",\"itemListElement\":[{\"@type\":\"ListItem\",\"position\":1,\"name\":\"Portada\",\"item\":\"https:\/\/inspectornocturno.com.mx\/\"},{\"@type\":\"ListItem\",\"position\":2,\"name\":\"Inicio\"}]},{\"@type\":\"WebSite\",\"@id\":\"https:\/\/inspectornocturno.com.mx\/#website\",\"url\":\"https:\/\/inspectornocturno.com.mx\/\",\"name\":\"Inspector Nocturno\",\"description\":\"Canc\u00fan, noticias al minuto del inspector nocturno\",\"publisher\":{\"@id\":\"https:\/\/inspectornocturno.com.mx\/#\/schema\/person\/63eb343fea17271215b1dd2793b27897\"},\"alternateName\":\"Noticias de impacto al momento de los hechos\",\"potentialAction\":[{\"@type\":\"SearchAction\",\"target\":{\"@type\":\"EntryPoint\",\"urlTemplate\":\"https:\/\/inspectornocturno.com.mx\/?s={search_term_string}\"},\"query-input\":{\"@type\":\"PropertyValueSpecification\",\"valueRequired\":true,\"valueName\":\"search_term_string\"}}],\"inLanguage\":\"es\"},{\"@type\":[\"Person\",\"Organization\"],\"@id\":\"https:\/\/inspectornocturno.com.mx\/#\/schema\/person\/63eb343fea17271215b1dd2793b27897\",\"name\":\"Inspector Nocturno\",\"image\":{\"@type\":\"ImageObject\",\"inLanguage\":\"es\",\"@id\":\"https:\/\/inspectornocturno.com.mx\/wp-content\/uploads\/2021\/10\/logo-transparente.png\",\"url\":\"https:\/\/inspectornocturno.com.mx\/wp-content\/uploads\/2021\/10\/logo-transparente.png\",\"contentUrl\":\"https:\/\/inspectornocturno.com.mx\/wp-content\/uploads\/2021\/10\/logo-transparente.png\",\"width\":561,\"height\":668,\"caption\":\"Inspector Nocturno\"},\"logo\":{\"@id\":\"https:\/\/inspectornocturno.com.mx\/wp-content\/uploads\/2021\/10\/logo-transparente.png\"},\"sameAs\":[\"http:\/\/inspectornocturno.com.mx\"]}]}<\/script>\n<!-- \/ Yoast SEO plugin. -->","yoast_head_json":{"title":"\ud83d\udd0a Inspector Nocturno - Informamos lo que sucede al minuto \ud83d\udd0a","description":"Medio de comunicaci\u00f3n influyentes en la Pen\u00ednsula de Yucat\u00e1n, noticias en vivo y al d\u00eda, mantenerte bien informado es nuestra prioridad.","robots":{"index":"index","follow":"nofollow","max-snippet":"max-snippet:-1","max-image-preview":"max-image-preview:large","max-video-preview":"max-video-preview:-1"},"canonical":"https:\/\/inspectornocturno.com.mx\/","og_locale":"es_ES","og_type":"article","og_title":"\ud83d\udd0a Inspector Nocturno - Informamos lo que sucede al minuto \ud83d\udd0a","og_description":"Medio de comunicaci\u00f3n influyentes en la Pen\u00ednsula de Yucat\u00e1n, noticias en vivo y al d\u00eda, mantenerte bien informado es nuestra prioridad.","og_url":"https:\/\/inspectornocturno.com.mx\/","og_site_name":"Inspector Nocturno","article_modified_time":"2025-11-26T04:51:23+00:00","og_image":[{"width":157,"height":151,"url":"https:\/\/inspectornocturno.com.mx\/wp-content\/uploads\/2021\/10\/Logo-inspector-nocturno.jpg","type":"image\/jpeg"}],"twitter_card":"summary_large_image","schema":{"@context":"https:\/\/schema.org","@graph":[{"@type":"WebPage","@id":"https:\/\/inspectornocturno.com.mx\/","url":"https:\/\/inspectornocturno.com.mx\/","name":"\ud83d\udd0a Inspector Nocturno - Informamos lo que sucede al minuto \ud83d\udd0a","isPartOf":{"@id":"https:\/\/inspectornocturno.com.mx\/#website"},"primaryImageOfPage":{"@id":"https:\/\/inspectornocturno.com.mx\/#primaryimage"},"image":{"@id":"https:\/\/inspectornocturno.com.mx\/#primaryimage"},"thumbnailUrl":"https:\/\/inspectornocturno.com.mx\/wp-content\/uploads\/2021\/10\/Logo-inspector-nocturno.jpg","datePublished":"2014-11-25T18:04:37+00:00","dateModified":"2025-11-26T04:51:23+00:00","description":"Medio de comunicaci\u00f3n influyentes en la Pen\u00ednsula de Yucat\u00e1n, noticias en vivo y al d\u00eda, mantenerte bien informado es nuestra prioridad.","breadcrumb":{"@id":"https:\/\/inspectornocturno.com.mx\/#breadcrumb"},"inLanguage":"es","potentialAction":[{"@type":"ReadAction","target":["https:\/\/inspectornocturno.com.mx\/"]}]},{"@type":"ImageObject","inLanguage":"es","@id":"https:\/\/inspectornocturno.com.mx\/#primaryimage","url":"https:\/\/inspectornocturno.com.mx\/wp-content\/uploads\/2021\/10\/Logo-inspector-nocturno.jpg","contentUrl":"https:\/\/inspectornocturno.com.mx\/wp-content\/uploads\/2021\/10\/Logo-inspector-nocturno.jpg","width":157,"height":151,"caption":"logo-de-inspector-nocturno"},{"@type":"BreadcrumbList","@id":"https:\/\/inspectornocturno.com.mx\/#breadcrumb","itemListElement":[{"@type":"ListItem","position":1,"name":"Portada","item":"https:\/\/inspectornocturno.com.mx\/"},{"@type":"ListItem","position":2,"name":"Inicio"}]},{"@type":"WebSite","@id":"https:\/\/inspectornocturno.com.mx\/#website","url":"https:\/\/inspectornocturno.com.mx\/","name":"Inspector Nocturno","description":"Canc\u00fan, noticias al minuto del inspector nocturno","publisher":{"@id":"https:\/\/inspectornocturno.com.mx\/#\/schema\/person\/63eb343fea17271215b1dd2793b27897"},"alternateName":"Noticias de impacto al momento de los hechos","potentialAction":[{"@type":"SearchAction","target":{"@type":"EntryPoint","urlTemplate":"https:\/\/inspectornocturno.com.mx\/?s={search_term_string}"},"query-input":{"@type":"PropertyValueSpecification","valueRequired":true,"valueName":"search_term_string"}}],"inLanguage":"es"},{"@type":["Person","Organization"],"@id":"https:\/\/inspectornocturno.com.mx\/#\/schema\/person\/63eb343fea17271215b1dd2793b27897","name":"Inspector Nocturno","image":{"@type":"ImageObject","inLanguage":"es","@id":"https:\/\/inspectornocturno.com.mx\/wp-content\/uploads\/2021\/10\/logo-transparente.png","url":"https:\/\/inspectornocturno.com.mx\/wp-content\/uploads\/2021\/10\/logo-transparente.png","contentUrl":"https:\/\/inspectornocturno.com.mx\/wp-content\/uploads\/2021\/10\/logo-transparente.png","width":561,"height":668,"caption":"Inspector Nocturno"},"logo":{"@id":"https:\/\/inspectornocturno.com.mx\/wp-content\/uploads\/2021\/10\/logo-transparente.png"},"sameAs":["http:\/\/inspectornocturno.com.mx"]}]}},"_links":{"self":[{"href":"https:\/\/inspectornocturno.com.mx\/index.php?rest_route=\/wp\/v2\/pages\/207","targetHints":{"allow":["GET"]}}],"collection":[{"href":"https:\/\/inspectornocturno.com.mx\/index.php?rest_route=\/wp\/v2\/pages"}],"about":[{"href":"https:\/\/inspectornocturno.com.mx\/index.php?rest_route=\/wp\/v2\/types\/page"}],"author":[{"embeddable":true,"href":"https:\/\/inspectornocturno.com.mx\/index.php?rest_route=\/wp\/v2\/users\/1"}],"replies":[{"embeddable":true,"href":"https:\/\/inspectornocturno.com.mx\/index.php?rest_route=%2Fwp%2Fv2%2Fcomments&post=207"}],"version-history":[{"count":5,"href":"https:\/\/inspectornocturno.com.mx\/index.php?rest_route=\/wp\/v2\/pages\/207\/revisions"}],"predecessor-version":[{"id":3892,"href":"https:\/\/inspectornocturno.com.mx\/index.php?rest_route=\/wp\/v2\/pages\/207\/revisions\/3892"}],"wp:featuredmedia":[{"embeddable":true,"href":"https:\/\/inspectornocturno.com.mx\/index.php?rest_route=\/wp\/v2\/media\/3898"}],"wp:attachment":[{"href":"https:\/\/inspectornocturno.com.mx\/index.php?rest_route=%2Fwp%2Fv2%2Fmedia&parent=207"}],"curies":[{"name":"wp","href":"https:\/\/api.w.org\/{rel}","templated":true}]}}